{"id":60,"date":"2021-06-28T12:30:01","date_gmt":"2021-06-28T09:30:01","guid":{"rendered":"http:\/\/powerarms.com.tr\/tr\/?page_id=60"},"modified":"2022-05-27T16:17:39","modified_gmt":"2022-05-27T13:17:39","slug":"hakkimizda","status":"publish","type":"page","link":"https:\/\/powerarms.com.tr\/tr\/hakkimizda\/","title":{"rendered":"Hakk\u0131m\u0131zda"},"content":{"rendered":"<p>Power Arms Hakk\u0131m\u0131zda<\/p>\n<div id=\"attachment_1568\" style=\"width: 310px\" class=\"wp-caption alignnone\"><img loading=\"lazy\" decoding=\"async\" aria-describedby=\"caption-attachment-1568\" class=\"size-medium wp-image-1568\" src=\"http:\/\/powerarms.com.tr\/tr\/wp-content\/uploads\/2021\/12\/slider-2-300x133.jpg\" alt=\"Hakk\u0131m\u0131zda\" width=\"300\" height=\"133\" srcset=\"https:\/\/powerarms.com.tr\/tr\/wp-content\/uploads\/2021\/12\/slider-2-300x133.jpg 300w, https:\/\/powerarms.com.tr\/tr\/wp-content\/uploads\/2021\/12\/slider-2-1024x453.jpg 1024w, https:\/\/powerarms.com.tr\/tr\/wp-content\/uploads\/2021\/12\/slider-2-768x340.jpg 768w, https:\/\/powerarms.com.tr\/tr\/wp-content\/uploads\/2021\/12\/slider-2-1536x679.jpg 1536w, https:\/\/powerarms.com.tr\/tr\/wp-content\/uploads\/2021\/12\/slider-2-237x105.jpg 237w, https:\/\/powerarms.com.tr\/tr\/wp-content\/uploads\/2021\/12\/slider-2.jpg 1920w\" sizes=\"auto, (max-width: 300px) 100vw, 300px\" \/><p id=\"caption-attachment-1568\" class=\"wp-caption-text\">Hakk\u0131m\u0131zda<\/p><\/div>\n<p><a href=\"https:\/\/powerarms.com.tr\/tr\">POWER ARMS<\/a> SAVUNMA VE S\u0130LAH SANAY\u0130 LTD. \u015eT\u0130. 2021 y\u0131l\u0131nda Bey\u015fehir\u2019de faaliyete ba\u015flam\u0131\u015ft\u0131r. \u015eirketimiz kurucu ortaklar\u0131 20 y\u0131l a\u015fk\u0131n s\u00fcre i\u00e7erisinde b\u00f6lgedeki \u00f6nde gelen firmalar \u2019da hizmet etmi\u015f; yenilik ve kaliteyi s\u00fcrekli ileriye ta\u015f\u0131ma mant\u0131\u011f\u0131 ile \u00e7al\u0131\u015farak kendilerini ispatlam\u0131\u015ft\u0131r. Teknik personel kalite kontrol ekipmanlar\u0131yla birlikte bilgi ve birikimlerini ta\u00e7land\u0131rmakt\u0131r. Sekt\u00f6re hizmet vermek ad\u0131na Power Arms \u00e7at\u0131s\u0131nda toplanm\u0131\u015ft\u0131r\u2026<\/p>\n<div class=\"about-part2\">\n<p><b>Misyonumuz =&gt;<\/b>\u00a0<a href=\"https:\/\/powerarms.com.tr\/tr\/urunler\/\">Av t\u00fcfekleri<\/a> ve Savuma Sanayi alan\u0131nda ba\u015fta yurt i\u00e7i ve yurt d\u0131\u015f\u0131 m\u00fc\u015fterilerine katma de\u011feri y\u00fcksek yenilik\u00e7i ve g\u00fcvenilir \u00fcr\u00fcnler sunarak d\u00fcnya pazar\u0131nda marka bilinirli\u011fini art\u0131rarak m\u00fc\u015fterilerine g\u00fcven veren bir firma olmak\u2026<\/p>\n<p><b>Vizyonumuz =&gt;\u00a0<\/b>Kurulu\u015fundaki amac\u0131n gerekliliklerini yerine getirerek d\u00fcnya pazar\u0131nda m\u00fc\u015fterileri i\u00e7in \u00fcretti\u011fi \u00fcr\u00fcnleri s\u00fcrd\u00fcr\u00fclebilir ve b\u00fcy\u00fcmesini koruyan rekabet g\u00fcc\u00fc ile tercih edilen, g\u00fcven duyulan \u00e7evreye ve insana duyarl\u0131 bir <a href=\"https:\/\/www.multiyazilim.com\">firma<\/a> olmak\u2026<\/p>\n<\/div>\n","protected":false},"excerpt":{"rendered":"<p>Power Arms Hakk\u0131m\u0131zda POWER ARMS SAVUNMA VE S\u0130LAH SANAY\u0130 LTD. \u015eT\u0130. 2021 y\u0131l\u0131nda Bey\u015fehir\u2019de faaliyete ba\u015flam\u0131\u015ft\u0131r. \u015eirketimiz kurucu ortaklar\u0131 20 y\u0131l a\u015fk\u0131n s\u00fcre i\u00e7erisinde b\u00f6lgedeki \u00f6nde gelen firmalar \u2019da hizmet etmi\u015f; yenilik ve kaliteyi s\u00fcrekli ileriye ta\u015f\u0131ma mant\u0131\u011f\u0131 ile \u00e7al\u0131\u015farak kendilerini ispatlam\u0131\u015ft\u0131r. Teknik personel kalite kontrol ekipmanlar\u0131yla birlikte bilgi ve birikimlerini ta\u00e7land\u0131rmakt\u0131r. Sekt\u00f6re hizmet vermek ad\u0131na Power Arms \u00e7at\u0131s\u0131nda toplanm\u0131\u015ft\u0131r\u2026 Misyonumuz =&gt;\u00a0Av t\u00fcfekleri ve Savuma Sanayi alan\u0131nda ba\u015fta yurt i\u00e7i ve yurt d\u0131\u015f\u0131 m\u00fc\u015fterilerine katma de\u011feri y\u00fcksek yenilik\u00e7i ve g\u00fcvenilir \u00fcr\u00fcnler sunarak d\u00fcnya pazar\u0131nda marka bilinirli\u011fini art\u0131rarak m\u00fc\u015fterilerine g\u00fcven veren bir firma olmak\u2026 Vizyonumuz =&gt;\u00a0Kurulu\u015fundaki amac\u0131n gerekliliklerini yerine getirerek d\u00fcnya pazar\u0131nda m\u00fc\u015fterileri i\u00e7in \u00fcretti\u011fi \u00fcr\u00fcnleri s\u00fcrd\u00fcr\u00fclebilir ve b\u00fcy\u00fcmesini koruyan rekabet g\u00fcc\u00fc ile tercih edilen, g\u00fcven duyulan \u00e7evreye ve insana duyarl\u0131 bir firma olmak\u2026<\/p>\n","protected":false},"author":1,"featured_media":0,"parent":0,"menu_order":0,"comment_status":"closed","ping_status":"closed","template":"","meta":{"_acf_changed":false,"footnotes":""},"class_list":["post-60","page","type-page","status-publish","hentry"],"acf":[],"yoast_head":"<!-- This site is optimized with the Yoast SEO plugin v27.1.1 - https:\/\/yoast.com\/product\/yoast-seo-wordpress\/ -->\n<title>Hakk\u0131m\u0131zda - Power Arms<\/title>\n<meta name=\"description\" content=\"Hakk\u0131m\u0131zda... 2021 y\u0131l\u0131nda Bey\u015fehir\u2019de faaliyete ba\u015flam\u0131\u015ft\u0131r. \u015eirketimiz kurucu ortaklar\u0131 20 y\u0131l a\u015fk\u0131n s\u00fcre i\u00e7erisinde b\u00f6lgedeki \u00f6nde gelen\" \/>\n<meta name=\"robots\" content=\"index, follow, max-snippet:-1, max-image-preview:large, max-video-preview:-1\" \/>\n<link rel=\"canonical\" href=\"http:\/\/powerarms.com.tr\/tr\/hakkimizda\/\" \/>\n<meta property=\"og:locale\" content=\"tr_TR\" \/>\n<meta property=\"og:type\" content=\"article\" \/>\n<meta property=\"og:title\" content=\"Hakk\u0131m\u0131zda - Power Arms\" \/>\n<meta property=\"og:description\" content=\"Hakk\u0131m\u0131zda... 2021 y\u0131l\u0131nda Bey\u015fehir\u2019de faaliyete ba\u015flam\u0131\u015ft\u0131r. \u015eirketimiz kurucu ortaklar\u0131 20 y\u0131l a\u015fk\u0131n s\u00fcre i\u00e7erisinde b\u00f6lgedeki \u00f6nde gelen\" \/>\n<meta property=\"og:url\" content=\"http:\/\/powerarms.com.tr\/tr\/hakkimizda\/\" \/>\n<meta property=\"og:site_name\" content=\"Power Arms\" \/>\n<meta property=\"article:modified_time\" content=\"2022-05-27T13:17:39+00:00\" \/>\n<meta property=\"og:image\" content=\"http:\/\/powerarms.com.tr\/tr\/wp-content\/uploads\/2021\/12\/slider-2-300x133.jpg\" \/>\n<meta name=\"twitter:card\" content=\"summary_large_image\" \/>\n<meta name=\"twitter:label1\" content=\"Tahmini okuma s\u00fcresi\" \/>\n\t<meta name=\"twitter:data1\" content=\"1 dakika\" \/>\n<script type=\"application\/ld+json\" class=\"yoast-schema-graph\">{\"@context\":\"https:\/\/schema.org\",\"@graph\":[{\"@type\":\"WebPage\",\"@id\":\"http:\/\/powerarms.com.tr\/tr\/hakkimizda\/\",\"url\":\"http:\/\/powerarms.com.tr\/tr\/hakkimizda\/\",\"name\":\"Hakk\u0131m\u0131zda - Power Arms\",\"isPartOf\":{\"@id\":\"https:\/\/powerarms.com.tr\/tr\/#website\"},\"primaryImageOfPage\":{\"@id\":\"http:\/\/powerarms.com.tr\/tr\/hakkimizda\/#primaryimage\"},\"image\":{\"@id\":\"http:\/\/powerarms.com.tr\/tr\/hakkimizda\/#primaryimage\"},\"thumbnailUrl\":\"http:\/\/powerarms.com.tr\/tr\/wp-content\/uploads\/2021\/12\/slider-2-300x133.jpg\",\"datePublished\":\"2021-06-28T09:30:01+00:00\",\"dateModified\":\"2022-05-27T13:17:39+00:00\",\"description\":\"Hakk\u0131m\u0131zda... 2021 y\u0131l\u0131nda Bey\u015fehir\u2019de faaliyete ba\u015flam\u0131\u015ft\u0131r. \u015eirketimiz kurucu ortaklar\u0131 20 y\u0131l a\u015fk\u0131n s\u00fcre i\u00e7erisinde b\u00f6lgedeki \u00f6nde gelen\",\"breadcrumb\":{\"@id\":\"http:\/\/powerarms.com.tr\/tr\/hakkimizda\/#breadcrumb\"},\"inLanguage\":\"tr\",\"potentialAction\":[{\"@type\":\"ReadAction\",\"target\":[\"http:\/\/powerarms.com.tr\/tr\/hakkimizda\/\"]}]},{\"@type\":\"ImageObject\",\"inLanguage\":\"tr\",\"@id\":\"http:\/\/powerarms.com.tr\/tr\/hakkimizda\/#primaryimage\",\"url\":\"http:\/\/powerarms.com.tr\/tr\/wp-content\/uploads\/2021\/12\/slider-2-300x133.jpg\",\"contentUrl\":\"http:\/\/powerarms.com.tr\/tr\/wp-content\/uploads\/2021\/12\/slider-2-300x133.jpg\"},{\"@type\":\"BreadcrumbList\",\"@id\":\"http:\/\/powerarms.com.tr\/tr\/hakkimizda\/#breadcrumb\",\"itemListElement\":[{\"@type\":\"ListItem\",\"position\":1,\"name\":\"Anasayfa\",\"item\":\"https:\/\/powerarms.com.tr\/tr\/\"},{\"@type\":\"ListItem\",\"position\":2,\"name\":\"Hakk\u0131m\u0131zda\"}]},{\"@type\":\"WebSite\",\"@id\":\"https:\/\/powerarms.com.tr\/tr\/#website\",\"url\":\"https:\/\/powerarms.com.tr\/tr\/\",\"name\":\"Power Arms\",\"description\":\"Savunma ve Silah Sanayi\",\"publisher\":{\"@id\":\"https:\/\/powerarms.com.tr\/tr\/#organization\"},\"potentialAction\":[{\"@type\":\"SearchAction\",\"target\":{\"@type\":\"EntryPoint\",\"urlTemplate\":\"https:\/\/powerarms.com.tr\/tr\/?s={search_term_string}\"},\"query-input\":{\"@type\":\"PropertyValueSpecification\",\"valueRequired\":true,\"valueName\":\"search_term_string\"}}],\"inLanguage\":\"tr\"},{\"@type\":\"Organization\",\"@id\":\"https:\/\/powerarms.com.tr\/tr\/#organization\",\"name\":\"Power Arms\",\"url\":\"https:\/\/powerarms.com.tr\/tr\/\",\"logo\":{\"@type\":\"ImageObject\",\"inLanguage\":\"tr\",\"@id\":\"https:\/\/powerarms.com.tr\/tr\/#\/schema\/logo\/image\/\",\"url\":\"https:\/\/powerarms.com.tr\/tr\/wp-content\/uploads\/2021\/12\/power-logo-3.png\",\"contentUrl\":\"https:\/\/powerarms.com.tr\/tr\/wp-content\/uploads\/2021\/12\/power-logo-3.png\",\"width\":348,\"height\":83,\"caption\":\"Power Arms\"},\"image\":{\"@id\":\"https:\/\/powerarms.com.tr\/tr\/#\/schema\/logo\/image\/\"}}]}<\/script>\n<!-- \/ Yoast SEO plugin. -->","yoast_head_json":{"title":"Hakk\u0131m\u0131zda - Power Arms","description":"Hakk\u0131m\u0131zda... 2021 y\u0131l\u0131nda Bey\u015fehir\u2019de faaliyete ba\u015flam\u0131\u015ft\u0131r. \u015eirketimiz kurucu ortaklar\u0131 20 y\u0131l a\u015fk\u0131n s\u00fcre i\u00e7erisinde b\u00f6lgedeki \u00f6nde gelen","robots":{"index":"index","follow":"follow","max-snippet":"max-snippet:-1","max-image-preview":"max-image-preview:large","max-video-preview":"max-video-preview:-1"},"canonical":"http:\/\/powerarms.com.tr\/tr\/hakkimizda\/","og_locale":"tr_TR","og_type":"article","og_title":"Hakk\u0131m\u0131zda - Power Arms","og_description":"Hakk\u0131m\u0131zda... 2021 y\u0131l\u0131nda Bey\u015fehir\u2019de faaliyete ba\u015flam\u0131\u015ft\u0131r. \u015eirketimiz kurucu ortaklar\u0131 20 y\u0131l a\u015fk\u0131n s\u00fcre i\u00e7erisinde b\u00f6lgedeki \u00f6nde gelen","og_url":"http:\/\/powerarms.com.tr\/tr\/hakkimizda\/","og_site_name":"Power Arms","article_modified_time":"2022-05-27T13:17:39+00:00","og_image":[{"url":"http:\/\/powerarms.com.tr\/tr\/wp-content\/uploads\/2021\/12\/slider-2-300x133.jpg","type":"","width":"","height":""}],"twitter_card":"summary_large_image","twitter_misc":{"Tahmini okuma s\u00fcresi":"1 dakika"},"schema":{"@context":"https:\/\/schema.org","@graph":[{"@type":"WebPage","@id":"http:\/\/powerarms.com.tr\/tr\/hakkimizda\/","url":"http:\/\/powerarms.com.tr\/tr\/hakkimizda\/","name":"Hakk\u0131m\u0131zda - Power Arms","isPartOf":{"@id":"https:\/\/powerarms.com.tr\/tr\/#website"},"primaryImageOfPage":{"@id":"http:\/\/powerarms.com.tr\/tr\/hakkimizda\/#primaryimage"},"image":{"@id":"http:\/\/powerarms.com.tr\/tr\/hakkimizda\/#primaryimage"},"thumbnailUrl":"http:\/\/powerarms.com.tr\/tr\/wp-content\/uploads\/2021\/12\/slider-2-300x133.jpg","datePublished":"2021-06-28T09:30:01+00:00","dateModified":"2022-05-27T13:17:39+00:00","description":"Hakk\u0131m\u0131zda... 2021 y\u0131l\u0131nda Bey\u015fehir\u2019de faaliyete ba\u015flam\u0131\u015ft\u0131r. \u015eirketimiz kurucu ortaklar\u0131 20 y\u0131l a\u015fk\u0131n s\u00fcre i\u00e7erisinde b\u00f6lgedeki \u00f6nde gelen","breadcrumb":{"@id":"http:\/\/powerarms.com.tr\/tr\/hakkimizda\/#breadcrumb"},"inLanguage":"tr","potentialAction":[{"@type":"ReadAction","target":["http:\/\/powerarms.com.tr\/tr\/hakkimizda\/"]}]},{"@type":"ImageObject","inLanguage":"tr","@id":"http:\/\/powerarms.com.tr\/tr\/hakkimizda\/#primaryimage","url":"http:\/\/powerarms.com.tr\/tr\/wp-content\/uploads\/2021\/12\/slider-2-300x133.jpg","contentUrl":"http:\/\/powerarms.com.tr\/tr\/wp-content\/uploads\/2021\/12\/slider-2-300x133.jpg"},{"@type":"BreadcrumbList","@id":"http:\/\/powerarms.com.tr\/tr\/hakkimizda\/#breadcrumb","itemListElement":[{"@type":"ListItem","position":1,"name":"Anasayfa","item":"https:\/\/powerarms.com.tr\/tr\/"},{"@type":"ListItem","position":2,"name":"Hakk\u0131m\u0131zda"}]},{"@type":"WebSite","@id":"https:\/\/powerarms.com.tr\/tr\/#website","url":"https:\/\/powerarms.com.tr\/tr\/","name":"Power Arms","description":"Savunma ve Silah Sanayi","publisher":{"@id":"https:\/\/powerarms.com.tr\/tr\/#organization"},"potentialAction":[{"@type":"SearchAction","target":{"@type":"EntryPoint","urlTemplate":"https:\/\/powerarms.com.tr\/tr\/?s={search_term_string}"},"query-input":{"@type":"PropertyValueSpecification","valueRequired":true,"valueName":"search_term_string"}}],"inLanguage":"tr"},{"@type":"Organization","@id":"https:\/\/powerarms.com.tr\/tr\/#organization","name":"Power Arms","url":"https:\/\/powerarms.com.tr\/tr\/","logo":{"@type":"ImageObject","inLanguage":"tr","@id":"https:\/\/powerarms.com.tr\/tr\/#\/schema\/logo\/image\/","url":"https:\/\/powerarms.com.tr\/tr\/wp-content\/uploads\/2021\/12\/power-logo-3.png","contentUrl":"https:\/\/powerarms.com.tr\/tr\/wp-content\/uploads\/2021\/12\/power-logo-3.png","width":348,"height":83,"caption":"Power Arms"},"image":{"@id":"https:\/\/powerarms.com.tr\/tr\/#\/schema\/logo\/image\/"}}]}},"_links":{"self":[{"href":"https:\/\/powerarms.com.tr\/tr\/wp-json\/wp\/v2\/pages\/60","targetHints":{"allow":["GET"]}}],"collection":[{"href":"https:\/\/powerarms.com.tr\/tr\/wp-json\/wp\/v2\/pages"}],"about":[{"href":"https:\/\/powerarms.com.tr\/tr\/wp-json\/wp\/v2\/types\/page"}],"author":[{"embeddable":true,"href":"https:\/\/powerarms.com.tr\/tr\/wp-json\/wp\/v2\/users\/1"}],"replies":[{"embeddable":true,"href":"https:\/\/powerarms.com.tr\/tr\/wp-json\/wp\/v2\/comments?post=60"}],"version-history":[{"count":4,"href":"https:\/\/powerarms.com.tr\/tr\/wp-json\/wp\/v2\/pages\/60\/revisions"}],"predecessor-version":[{"id":1600,"href":"https:\/\/powerarms.com.tr\/tr\/wp-json\/wp\/v2\/pages\/60\/revisions\/1600"}],"wp:attachment":[{"href":"https:\/\/powerarms.com.tr\/tr\/wp-json\/wp\/v2\/media?parent=60"}],"curies":[{"name":"wp","href":"https:\/\/api.w.org\/{rel}","templated":true}]}}