{"id":56,"date":"2021-06-28T11:50:10","date_gmt":"2021-06-28T08:50:10","guid":{"rendered":"http:\/\/powerarms.com.tr\/tr\/?page_id=56"},"modified":"2022-05-27T16:22:42","modified_gmt":"2022-05-27T13:22:42","slug":"iletisim","status":"publish","type":"page","link":"https:\/\/powerarms.com.tr\/tr\/iletisim\/","title":{"rendered":"\u0130leti\u015fim"},"content":{"rendered":"<h1>\u0130leti\u015fim Bilgileri<\/h1>\n<div id=\"attachment_1408\" style=\"width: 310px\" class=\"wp-caption alignnone\"><img loading=\"lazy\" decoding=\"async\" aria-describedby=\"caption-attachment-1408\" class=\"size-medium wp-image-1408\" src=\"http:\/\/powerarms.com.tr\/tr\/wp-content\/uploads\/2021\/12\/contact-us-arka-300x59.jpg\" alt=\"\u0130leti\u015fim\" width=\"300\" height=\"59\" srcset=\"https:\/\/powerarms.com.tr\/tr\/wp-content\/uploads\/2021\/12\/contact-us-arka-300x59.jpg 300w, https:\/\/powerarms.com.tr\/tr\/wp-content\/uploads\/2021\/12\/contact-us-arka-1024x201.jpg 1024w, https:\/\/powerarms.com.tr\/tr\/wp-content\/uploads\/2021\/12\/contact-us-arka-768x151.jpg 768w, https:\/\/powerarms.com.tr\/tr\/wp-content\/uploads\/2021\/12\/contact-us-arka-1536x302.jpg 1536w, https:\/\/powerarms.com.tr\/tr\/wp-content\/uploads\/2021\/12\/contact-us-arka-535x105.jpg 535w, https:\/\/powerarms.com.tr\/tr\/wp-content\/uploads\/2021\/12\/contact-us-arka.jpg 1920w\" sizes=\"auto, (max-width: 300px) 100vw, 300px\" \/><p id=\"caption-attachment-1408\" class=\"wp-caption-text\">\u0130leti\u015fim<\/p><\/div>\n<div class=\"contact-part2\"><i class=\"far fa-envelope\"><\/i><\/p>\n<div class=\"contact-information\">E-Posta: info@powerarms.com.trsales@<a href=\"https:\/\/powerarms.com.tr\/tr\/\">powerarms<\/a>.com.tr<\/div>\n<\/div>\n<div class=\"contact-part2\"><i class=\"fas fa-map-marker-alt\"><\/i><\/p>\n<div class=\"contact-information\">Adres: <a href=\"https:\/\/powerarms.com.tr\/tr\/iletisim\/\">Hamidiye<\/a> Mah. 40859. Sk.<br \/>\nNo:36\/D Bey\u015fehir\/<a href=\"https:\/\/www.multiyazilim.com\">KONYA<\/a><\/div>\n<\/div>\n<div class=\"contact-part2\"><i class=\"fas fa-phone-alt\"><\/i><\/p>\n<div class=\"contact-information\">Telefon: +90 (541) 887 9075+90 (541) 852 0107<\/div>\n<\/div>\n","protected":false},"excerpt":{"rendered":"<p>\u0130leti\u015fim Bilgileri E-Posta: info@powerarms.com.trsales@powerarms.com.tr Adres: Hamidiye Mah. 40859. Sk. No:36\/D Bey\u015fehir\/KONYA Telefon: +90 (541) 887 9075+90 (541) 852 0107<\/p>\n","protected":false},"author":1,"featured_media":0,"parent":0,"menu_order":0,"comment_status":"closed","ping_status":"closed","template":"","meta":{"_acf_changed":false,"footnotes":""},"class_list":["post-56","page","type-page","status-publish","hentry"],"acf":[],"yoast_head":"<!-- This site is optimized with the Yoast SEO plugin v27.1.1 - https:\/\/yoast.com\/product\/yoast-seo-wordpress\/ -->\n<title>\u0130leti\u015fim - Power Arms<\/title>\n<meta name=\"description\" content=\"\u0130leti\u015fim: -E-Posta: info@powerarms.com.tr sales@powerarms.com.tr -Adres: Hamidiye Mah. 40859. Sk.No:36\/D Bey\u015fehir\/KONYA -Telefon: +90 (541)..\" \/>\n<meta name=\"robots\" content=\"index, follow, max-snippet:-1, max-image-preview:large, max-video-preview:-1\" \/>\n<link rel=\"canonical\" href=\"https:\/\/powerarms.com.tr\/tr\/iletisim\/\" \/>\n<meta property=\"og:locale\" content=\"tr_TR\" \/>\n<meta property=\"og:type\" content=\"article\" \/>\n<meta property=\"og:title\" content=\"\u0130leti\u015fim - Power Arms\" \/>\n<meta property=\"og:description\" content=\"\u0130leti\u015fim: -E-Posta: info@powerarms.com.tr sales@powerarms.com.tr -Adres: Hamidiye Mah. 40859. Sk.No:36\/D Bey\u015fehir\/KONYA -Telefon: +90 (541)..\" \/>\n<meta property=\"og:url\" content=\"https:\/\/powerarms.com.tr\/tr\/iletisim\/\" \/>\n<meta property=\"og:site_name\" content=\"Power Arms\" \/>\n<meta property=\"article:modified_time\" content=\"2022-05-27T13:22:42+00:00\" \/>\n<meta property=\"og:image\" content=\"http:\/\/powerarms.com.tr\/tr\/wp-content\/uploads\/2021\/12\/contact-us-arka-300x59.jpg\" \/>\n<meta name=\"twitter:card\" content=\"summary_large_image\" \/>\n<meta name=\"twitter:label1\" content=\"Tahmini okuma s\u00fcresi\" \/>\n\t<meta name=\"twitter:data1\" content=\"1 dakika\" \/>\n<script type=\"application\/ld+json\" class=\"yoast-schema-graph\">{\"@context\":\"https:\/\/schema.org\",\"@graph\":[{\"@type\":\"WebPage\",\"@id\":\"https:\/\/powerarms.com.tr\/tr\/iletisim\/\",\"url\":\"https:\/\/powerarms.com.tr\/tr\/iletisim\/\",\"name\":\"\u0130leti\u015fim - Power Arms\",\"isPartOf\":{\"@id\":\"https:\/\/powerarms.com.tr\/tr\/#website\"},\"primaryImageOfPage\":{\"@id\":\"https:\/\/powerarms.com.tr\/tr\/iletisim\/#primaryimage\"},\"image\":{\"@id\":\"https:\/\/powerarms.com.tr\/tr\/iletisim\/#primaryimage\"},\"thumbnailUrl\":\"http:\/\/powerarms.com.tr\/tr\/wp-content\/uploads\/2021\/12\/contact-us-arka-300x59.jpg\",\"datePublished\":\"2021-06-28T08:50:10+00:00\",\"dateModified\":\"2022-05-27T13:22:42+00:00\",\"description\":\"\u0130leti\u015fim: -E-Posta: info@powerarms.com.tr sales@powerarms.com.tr -Adres: Hamidiye Mah. 40859. Sk.No:36\/D Bey\u015fehir\/KONYA -Telefon: +90 (541)..\",\"breadcrumb\":{\"@id\":\"https:\/\/powerarms.com.tr\/tr\/iletisim\/#breadcrumb\"},\"inLanguage\":\"tr\",\"potentialAction\":[{\"@type\":\"ReadAction\",\"target\":[\"https:\/\/powerarms.com.tr\/tr\/iletisim\/\"]}]},{\"@type\":\"ImageObject\",\"inLanguage\":\"tr\",\"@id\":\"https:\/\/powerarms.com.tr\/tr\/iletisim\/#primaryimage\",\"url\":\"http:\/\/powerarms.com.tr\/tr\/wp-content\/uploads\/2021\/12\/contact-us-arka-300x59.jpg\",\"contentUrl\":\"http:\/\/powerarms.com.tr\/tr\/wp-content\/uploads\/2021\/12\/contact-us-arka-300x59.jpg\"},{\"@type\":\"BreadcrumbList\",\"@id\":\"https:\/\/powerarms.com.tr\/tr\/iletisim\/#breadcrumb\",\"itemListElement\":[{\"@type\":\"ListItem\",\"position\":1,\"name\":\"Anasayfa\",\"item\":\"https:\/\/powerarms.com.tr\/tr\/\"},{\"@type\":\"ListItem\",\"position\":2,\"name\":\"\u0130leti\u015fim\"}]},{\"@type\":\"WebSite\",\"@id\":\"https:\/\/powerarms.com.tr\/tr\/#website\",\"url\":\"https:\/\/powerarms.com.tr\/tr\/\",\"name\":\"Power Arms\",\"description\":\"Savunma ve Silah Sanayi\",\"publisher\":{\"@id\":\"https:\/\/powerarms.com.tr\/tr\/#organization\"},\"potentialAction\":[{\"@type\":\"SearchAction\",\"target\":{\"@type\":\"EntryPoint\",\"urlTemplate\":\"https:\/\/powerarms.com.tr\/tr\/?s={search_term_string}\"},\"query-input\":{\"@type\":\"PropertyValueSpecification\",\"valueRequired\":true,\"valueName\":\"search_term_string\"}}],\"inLanguage\":\"tr\"},{\"@type\":\"Organization\",\"@id\":\"https:\/\/powerarms.com.tr\/tr\/#organization\",\"name\":\"Power Arms\",\"url\":\"https:\/\/powerarms.com.tr\/tr\/\",\"logo\":{\"@type\":\"ImageObject\",\"inLanguage\":\"tr\",\"@id\":\"https:\/\/powerarms.com.tr\/tr\/#\/schema\/logo\/image\/\",\"url\":\"https:\/\/powerarms.com.tr\/tr\/wp-content\/uploads\/2021\/12\/power-logo-3.png\",\"contentUrl\":\"https:\/\/powerarms.com.tr\/tr\/wp-content\/uploads\/2021\/12\/power-logo-3.png\",\"width\":348,\"height\":83,\"caption\":\"Power Arms\"},\"image\":{\"@id\":\"https:\/\/powerarms.com.tr\/tr\/#\/schema\/logo\/image\/\"}}]}<\/script>\n<!-- \/ Yoast SEO plugin. -->","yoast_head_json":{"title":"\u0130leti\u015fim - Power Arms","description":"\u0130leti\u015fim: -E-Posta: info@powerarms.com.tr sales@powerarms.com.tr -Adres: Hamidiye Mah. 40859. Sk.No:36\/D Bey\u015fehir\/KONYA -Telefon: +90 (541)..","robots":{"index":"index","follow":"follow","max-snippet":"max-snippet:-1","max-image-preview":"max-image-preview:large","max-video-preview":"max-video-preview:-1"},"canonical":"https:\/\/powerarms.com.tr\/tr\/iletisim\/","og_locale":"tr_TR","og_type":"article","og_title":"\u0130leti\u015fim - Power Arms","og_description":"\u0130leti\u015fim: -E-Posta: info@powerarms.com.tr sales@powerarms.com.tr -Adres: Hamidiye Mah. 40859. Sk.No:36\/D Bey\u015fehir\/KONYA -Telefon: +90 (541)..","og_url":"https:\/\/powerarms.com.tr\/tr\/iletisim\/","og_site_name":"Power Arms","article_modified_time":"2022-05-27T13:22:42+00:00","og_image":[{"url":"http:\/\/powerarms.com.tr\/tr\/wp-content\/uploads\/2021\/12\/contact-us-arka-300x59.jpg","type":"","width":"","height":""}],"twitter_card":"summary_large_image","twitter_misc":{"Tahmini okuma s\u00fcresi":"1 dakika"},"schema":{"@context":"https:\/\/schema.org","@graph":[{"@type":"WebPage","@id":"https:\/\/powerarms.com.tr\/tr\/iletisim\/","url":"https:\/\/powerarms.com.tr\/tr\/iletisim\/","name":"\u0130leti\u015fim - Power Arms","isPartOf":{"@id":"https:\/\/powerarms.com.tr\/tr\/#website"},"primaryImageOfPage":{"@id":"https:\/\/powerarms.com.tr\/tr\/iletisim\/#primaryimage"},"image":{"@id":"https:\/\/powerarms.com.tr\/tr\/iletisim\/#primaryimage"},"thumbnailUrl":"http:\/\/powerarms.com.tr\/tr\/wp-content\/uploads\/2021\/12\/contact-us-arka-300x59.jpg","datePublished":"2021-06-28T08:50:10+00:00","dateModified":"2022-05-27T13:22:42+00:00","description":"\u0130leti\u015fim: -E-Posta: info@powerarms.com.tr sales@powerarms.com.tr -Adres: Hamidiye Mah. 40859. Sk.No:36\/D Bey\u015fehir\/KONYA -Telefon: +90 (541)..","breadcrumb":{"@id":"https:\/\/powerarms.com.tr\/tr\/iletisim\/#breadcrumb"},"inLanguage":"tr","potentialAction":[{"@type":"ReadAction","target":["https:\/\/powerarms.com.tr\/tr\/iletisim\/"]}]},{"@type":"ImageObject","inLanguage":"tr","@id":"https:\/\/powerarms.com.tr\/tr\/iletisim\/#primaryimage","url":"http:\/\/powerarms.com.tr\/tr\/wp-content\/uploads\/2021\/12\/contact-us-arka-300x59.jpg","contentUrl":"http:\/\/powerarms.com.tr\/tr\/wp-content\/uploads\/2021\/12\/contact-us-arka-300x59.jpg"},{"@type":"BreadcrumbList","@id":"https:\/\/powerarms.com.tr\/tr\/iletisim\/#breadcrumb","itemListElement":[{"@type":"ListItem","position":1,"name":"Anasayfa","item":"https:\/\/powerarms.com.tr\/tr\/"},{"@type":"ListItem","position":2,"name":"\u0130leti\u015fim"}]},{"@type":"WebSite","@id":"https:\/\/powerarms.com.tr\/tr\/#website","url":"https:\/\/powerarms.com.tr\/tr\/","name":"Power Arms","description":"Savunma ve Silah Sanayi","publisher":{"@id":"https:\/\/powerarms.com.tr\/tr\/#organization"},"potentialAction":[{"@type":"SearchAction","target":{"@type":"EntryPoint","urlTemplate":"https:\/\/powerarms.com.tr\/tr\/?s={search_term_string}"},"query-input":{"@type":"PropertyValueSpecification","valueRequired":true,"valueName":"search_term_string"}}],"inLanguage":"tr"},{"@type":"Organization","@id":"https:\/\/powerarms.com.tr\/tr\/#organization","name":"Power Arms","url":"https:\/\/powerarms.com.tr\/tr\/","logo":{"@type":"ImageObject","inLanguage":"tr","@id":"https:\/\/powerarms.com.tr\/tr\/#\/schema\/logo\/image\/","url":"https:\/\/powerarms.com.tr\/tr\/wp-content\/uploads\/2021\/12\/power-logo-3.png","contentUrl":"https:\/\/powerarms.com.tr\/tr\/wp-content\/uploads\/2021\/12\/power-logo-3.png","width":348,"height":83,"caption":"Power Arms"},"image":{"@id":"https:\/\/powerarms.com.tr\/tr\/#\/schema\/logo\/image\/"}}]}},"_links":{"self":[{"href":"https:\/\/powerarms.com.tr\/tr\/wp-json\/wp\/v2\/pages\/56","targetHints":{"allow":["GET"]}}],"collection":[{"href":"https:\/\/powerarms.com.tr\/tr\/wp-json\/wp\/v2\/pages"}],"about":[{"href":"https:\/\/powerarms.com.tr\/tr\/wp-json\/wp\/v2\/types\/page"}],"author":[{"embeddable":true,"href":"https:\/\/powerarms.com.tr\/tr\/wp-json\/wp\/v2\/users\/1"}],"replies":[{"embeddable":true,"href":"https:\/\/powerarms.com.tr\/tr\/wp-json\/wp\/v2\/comments?post=56"}],"version-history":[{"count":4,"href":"https:\/\/powerarms.com.tr\/tr\/wp-json\/wp\/v2\/pages\/56\/revisions"}],"predecessor-version":[{"id":1602,"href":"https:\/\/powerarms.com.tr\/tr\/wp-json\/wp\/v2\/pages\/56\/revisions\/1602"}],"wp:attachment":[{"href":"https:\/\/powerarms.com.tr\/tr\/wp-json\/wp\/v2\/media?parent=56"}],"curies":[{"name":"wp","href":"https:\/\/api.w.org\/{rel}","templated":true}]}}